{"id":143,"date":"2020-03-05T11:38:46","date_gmt":"2020-03-05T11:38:46","guid":{"rendered":"https:\/\/sommerfeldkosmetik.de\/?page_id=143"},"modified":"2026-02-17T10:14:40","modified_gmt":"2026-02-17T10:14:40","slug":"angebote","status":"publish","type":"page","link":"https:\/\/sommerfeldkosmetik.de\/?page_id=143","title":{"rendered":"Angebote"},"content":{"rendered":"<p>&nbsp;<\/p>\n<hr \/>\n<p style=\"text-align: center;\"><strong>Men\u00fcprogramm f\u00fcr Ihre Haut und Ihre Seele<\/strong><\/p>\n<p style=\"text-align: center;\"><strong>Comfort<\/strong><\/p>\n<p style=\"text-align: center;\"><strong>Peel Off Maskenbehandlung<\/strong> f\u00fcr verschiedene Hauttypen , sehr beruhigend, oder aktivierend, gegen fette oder Aknehaut , k\u00fchlend und ausgleichend<\/p>\n<p style=\"text-align: center;\"><strong>Sauerstoffbehandlung<\/strong>\u00a0 reinigende, sehr beruhigende Behandlung f\u00fcr bed\u00fcrftige Haut<\/p>\n<p style=\"text-align: center;\">Behandlungsdauer jeweils 90 min\u00a0 &#8211;\u00a0 Wert der Behandlung 102,00\u20ac<\/p>\n<hr \/>\n<blockquote><p>&nbsp;<\/p><\/blockquote>\n<p style=\"text-align: center;\">\u2022 Klassische Kosmetik<br \/>\n\u2022 Wirkstoffanwendungen<br \/>\n\u2022 Ganzk\u00f6rperbehandlung<br \/>\n\u2022 Handpflege<br \/>\n\u2022 Massagen<br \/>\n\u2022 Haarentfernungen<br \/>\n\u2022 Faltenreduktion<br \/>\n\u2022 Fu\u00dfpflege<\/p>\n<p><img loading=\"lazy\" class=\"size-medium wp-image-146 aligncenter\" src=\"https:\/\/sommerfeldkosmetik.de\/wp-content\/uploads\/2020\/03\/Blatt-300x85.jpg\" alt=\"\" width=\"300\" height=\"85\" srcset=\"https:\/\/sommerfeldkosmetik.de\/wp-content\/uploads\/2020\/03\/Blatt-300x85.jpg 300w, https:\/\/sommerfeldkosmetik.de\/wp-content\/uploads\/2020\/03\/Blatt.jpg 449w\" sizes=\"(max-width: 300px) 100vw, 300px\" \/><\/p>\n<p style=\"text-align: center;\">Ob die simple Durchfeuchtung mit den Collageneprodukten von Dr. Spiller<br \/>\noder die neue exklusive Ampullenkur \u2013<br \/>\neine abgestimmte Heimpflege garantiert die Gesunderhaltung Ihrer Haut.<\/p>\n<p>&nbsp;<\/p>\n<p>&nbsp;<\/p>\n<div id=\"attachment_605\" style=\"width: 442px\" class=\"wp-caption alignleft\"><img aria-describedby=\"caption-attachment-605\" loading=\"lazy\" class=\"wp-image-605\" src=\"https:\/\/sommerfeldkosmetik.de\/wp-content\/uploads\/2026\/02\/drspiller_vk-flyer_retinol_plus_creme_4773_de_01-300x231.png\" alt=\"ABSOLUTE NEUARTIGE WIRKSTOFFBEHANDLUNG MIT SOFORTEFFEKT\" width=\"432\" height=\"333\" srcset=\"https:\/\/sommerfeldkosmetik.de\/wp-content\/uploads\/2026\/02\/drspiller_vk-flyer_retinol_plus_creme_4773_de_01-300x231.png 300w, https:\/\/sommerfeldkosmetik.de\/wp-content\/uploads\/2026\/02\/drspiller_vk-flyer_retinol_plus_creme_4773_de_01-1024x788.png 1024w, https:\/\/sommerfeldkosmetik.de\/wp-content\/uploads\/2026\/02\/drspiller_vk-flyer_retinol_plus_creme_4773_de_01-768x591.png 768w, https:\/\/sommerfeldkosmetik.de\/wp-content\/uploads\/2026\/02\/drspiller_vk-flyer_retinol_plus_creme_4773_de_01-1536x1183.png 1536w, https:\/\/sommerfeldkosmetik.de\/wp-content\/uploads\/2026\/02\/drspiller_vk-flyer_retinol_plus_creme_4773_de_01-2048x1577.png 2048w, https:\/\/sommerfeldkosmetik.de\/wp-content\/uploads\/2026\/02\/drspiller_vk-flyer_retinol_plus_creme_4773_de_01-600x462.png 600w\" sizes=\"(max-width: 432px) 100vw, 432px\" \/><p id=\"caption-attachment-605\" class=\"wp-caption-text\"><span style=\"color: #993366;\">HAUTVERJ\u00dcNGUNG; DURCHFEUCHTUNG; PORENVERFEINERUNG; GLOWEFFEKT<\/span><\/p><\/div>\n<p>&nbsp;<\/p>\n<p>&nbsp;<\/p>\n<p>&nbsp;<\/p>\n<p>&nbsp;<\/p>\n<div id=\"attachment_604\" style=\"width: 496px\" class=\"wp-caption aligncenter\"><img aria-describedby=\"caption-attachment-604\" loading=\"lazy\" class=\"wp-image-604\" src=\"https:\/\/sommerfeldkosmetik.de\/wp-content\/uploads\/2026\/02\/drspiller_vk-drspiller_vk-flyer_aha_pha_ginkgogomen_serum_4773_de_01-1-300x231.png\" alt=\"\" width=\"486\" height=\"374\" srcset=\"https:\/\/sommerfeldkosmetik.de\/wp-content\/uploads\/2026\/02\/drspiller_vk-drspiller_vk-flyer_aha_pha_ginkgogomen_serum_4773_de_01-1-300x231.png 300w, https:\/\/sommerfeldkosmetik.de\/wp-content\/uploads\/2026\/02\/drspiller_vk-drspiller_vk-flyer_aha_pha_ginkgogomen_serum_4773_de_01-1-1024x788.png 1024w, https:\/\/sommerfeldkosmetik.de\/wp-content\/uploads\/2026\/02\/drspiller_vk-drspiller_vk-flyer_aha_pha_ginkgogomen_serum_4773_de_01-1-768x591.png 768w, https:\/\/sommerfeldkosmetik.de\/wp-content\/uploads\/2026\/02\/drspiller_vk-drspiller_vk-flyer_aha_pha_ginkgogomen_serum_4773_de_01-1-1536x1183.png 1536w, https:\/\/sommerfeldkosmetik.de\/wp-content\/uploads\/2026\/02\/drspiller_vk-drspiller_vk-flyer_aha_pha_ginkgogomen_serum_4773_de_01-1-2048x1577.png 2048w, https:\/\/sommerfeldkosmetik.de\/wp-content\/uploads\/2026\/02\/drspiller_vk-drspiller_vk-flyer_aha_pha_ginkgogomen_serum_4773_de_01-1-600x462.png 600w\" sizes=\"(max-width: 486px) 100vw, 486px\" \/><p id=\"caption-attachment-604\" class=\"wp-caption-text\"><span style=\"color: #993366;\">ABSOLUTER SOFORTEFFEKT BEHANDLUNGSZEIT 90 MIN WERT DER BEHANDLUNG 120,00\u20ac<\/span><\/p><\/div>\n<p style=\"text-align: center;\">Nutzen Sie bitte auch unseren E-Mail Kontakt <a href=\"mailto:sommerfeldkosmetik@gmx.de\">sommerfeldkosmetik(at)gmx.de<\/a><\/p>\n","protected":false},"excerpt":{"rendered":"<p>&nbsp; Men\u00fcprogramm f\u00fcr Ihre Haut und Ihre Seele Comfort Peel Off Maskenbehandlung f\u00fcr verschiedene Hauttypen , sehr beruhigend, oder aktivierend, gegen fette oder Aknehaut , k\u00fchlend und ausgleichend Sauerstoffbehandlung\u00a0 reinigende, sehr beruhigende Behandlung f\u00fcr bed\u00fcrftige &hellip; <a href=\"https:\/\/sommerfeldkosmetik.de\/?page_id=143\">Weiterlesen<\/a><\/p>\n","protected":false},"author":1,"featured_media":0,"parent":0,"menu_order":3,"comment_status":"closed","ping_status":"closed","template":"fullwidth.php","meta":[],"_links":{"self":[{"href":"https:\/\/sommerfeldkosmetik.de\/index.php?rest_route=\/wp\/v2\/pages\/143"}],"collection":[{"href":"https:\/\/sommerfeldkosmetik.de\/index.php?rest_route=\/wp\/v2\/pages"}],"about":[{"href":"https:\/\/sommerfeldkosmetik.de\/index.php?rest_route=\/wp\/v2\/types\/page"}],"author":[{"embeddable":true,"href":"https:\/\/sommerfeldkosmetik.de\/index.php?rest_route=\/wp\/v2\/users\/1"}],"replies":[{"embeddable":true,"href":"https:\/\/sommerfeldkosmetik.de\/index.php?rest_route=%2Fwp%2Fv2%2Fcomments&post=143"}],"version-history":[{"count":63,"href":"https:\/\/sommerfeldkosmetik.de\/index.php?rest_route=\/wp\/v2\/pages\/143\/revisions"}],"predecessor-version":[{"id":613,"href":"https:\/\/sommerfeldkosmetik.de\/index.php?rest_route=\/wp\/v2\/pages\/143\/revisions\/613"}],"wp:attachment":[{"href":"https:\/\/sommerfeldkosmetik.de\/index.php?rest_route=%2Fwp%2Fv2%2Fmedia&parent=143"}],"curies":[{"name":"wp","href":"https:\/\/api.w.org\/{rel}","templated":true}]}}